{"id":411,"date":"2024-05-21T00:48:27","date_gmt":"2024-05-21T00:48:27","guid":{"rendered":"http:\/\/underworld.com.ar\/inicio\/?post_type=product&#038;p=411"},"modified":"2024-05-25T23:49:16","modified_gmt":"2024-05-25T23:49:16","slug":"hoodie-sherpa-crop","status":"publish","type":"product","link":"https:\/\/underworld.com.ar\/inicio\/producto\/hoodie-sherpa-crop\/","title":{"rendered":"HOODIE SHERPA CROP"},"content":{"rendered":"<p>Buzo de corderito super suave, \u00fanicamente disponible en color negro en talle S y M. Tiene un corte<br \/>\nbastante amplio ademas cuenta con capucha para los d\u00edas mas fr\u00edos, lo que lo hace super c\u00f3modo<br \/>\ny abrigado, contiene un el\u00e1stico de ajuste regulable en cintura, pu\u00f1os tejidos personalizados Under y<br \/>\nbolsillos en aberturas laterales.<\/p>\n","protected":false},"excerpt":{"rendered":"<p>Buzo de corderito super suave, \u00fanicamente disponible en color negro en talle S y M. Tiene un corte bastante amplio ademas cuenta con capucha para los d\u00edas mas fr\u00edos, lo que lo hace super c\u00f3modo y abrigado, contiene un el\u00e1stico de ajuste regulable en cintura, pu\u00f1os tejidos personalizados Under y bolsillos en aberturas laterales.<\/p>\n","protected":false},"featured_media":409,"comment_status":"open","ping_status":"closed","template":"","meta":[],"product_cat":[17],"product_tag":[],"class_list":{"0":"post-411","1":"product","2":"type-product","3":"status-publish","4":"has-post-thumbnail","6":"product_cat-buzo","8":"first","9":"instock","10":"taxable","11":"shipping-taxable","12":"purchasable","13":"product-type-variable"},"jetpack_sharing_enabled":true,"_links":{"self":[{"href":"https:\/\/underworld.com.ar\/inicio\/wp-json\/wp\/v2\/product\/411","targetHints":{"allow":["GET"]}}],"collection":[{"href":"https:\/\/underworld.com.ar\/inicio\/wp-json\/wp\/v2\/product"}],"about":[{"href":"https:\/\/underworld.com.ar\/inicio\/wp-json\/wp\/v2\/types\/product"}],"replies":[{"embeddable":true,"href":"https:\/\/underworld.com.ar\/inicio\/wp-json\/wp\/v2\/comments?post=411"}],"wp:featuredmedia":[{"embeddable":true,"href":"https:\/\/underworld.com.ar\/inicio\/wp-json\/wp\/v2\/media\/409"}],"wp:attachment":[{"href":"https:\/\/underworld.com.ar\/inicio\/wp-json\/wp\/v2\/media?parent=411"}],"wp:term":[{"taxonomy":"product_cat","embeddable":true,"href":"https:\/\/underworld.com.ar\/inicio\/wp-json\/wp\/v2\/product_cat?post=411"},{"taxonomy":"product_tag","embeddable":true,"href":"https:\/\/underworld.com.ar\/inicio\/wp-json\/wp\/v2\/product_tag?post=411"}],"curies":[{"name":"wp","href":"https:\/\/api.w.org\/{rel}","templated":true}]}}