{"id":851,"date":"2024-05-25T23:51:23","date_gmt":"2024-05-25T23:51:23","guid":{"rendered":"http:\/\/underworld.com.ar\/inicio\/?page_id=851"},"modified":"2024-05-25T23:59:02","modified_gmt":"2024-05-25T23:59:02","slug":"quienes-somos","status":"publish","type":"page","link":"https:\/\/underworld.com.ar\/inicio\/quienes-somos\/","title":{"rendered":"Quienes Somos"},"content":{"rendered":"\t\t<div data-elementor-type=\"wp-page\" data-elementor-id=\"851\" class=\"elementor elementor-851\">\n\t\t\t\t<div class=\"elementor-element elementor-element-cef7ab7 e-flex e-con-boxed e-con e-parent\" data-id=\"cef7ab7\" data-element_type=\"container\" data-settings=\"{&quot;background_background&quot;:&quot;classic&quot;}\">\n\t\t\t\t\t<div class=\"e-con-inner\">\n\t\t<div class=\"elementor-element elementor-element-7693416 e-con-full e-flex e-con e-child\" data-id=\"7693416\" data-element_type=\"container\">\n\t\t\t\t<div class=\"elementor-element elementor-element-23c1061 elementor-widget elementor-widget-heading\" data-id=\"23c1061\" data-element_type=\"widget\" data-widget_type=\"heading.default\">\n\t\t\t\t<div class=\"elementor-widget-container\">\n\t\t\t<style>\/*! elementor - v3.21.0 - 08-05-2024 *\/\n.elementor-heading-title{padding:0;margin:0;line-height:1}.elementor-widget-heading .elementor-heading-title[class*=elementor-size-]>a{color:inherit;font-size:inherit;line-height:inherit}.elementor-widget-heading .elementor-heading-title.elementor-size-small{font-size:15px}.elementor-widget-heading .elementor-heading-title.elementor-size-medium{font-size:19px}.elementor-widget-heading .elementor-heading-title.elementor-size-large{font-size:29px}.elementor-widget-heading .elementor-heading-title.elementor-size-xl{font-size:39px}.elementor-widget-heading .elementor-heading-title.elementor-size-xxl{font-size:59px}<\/style><h2 class=\"elementor-heading-title elementor-size-default\">\u00bfQuienes somos?<\/h2>\t\t<\/div>\n\t\t\t\t<\/div>\n\t\t\t\t<div class=\"elementor-element elementor-element-1c8a84b elementor-widget elementor-widget-text-editor\" data-id=\"1c8a84b\" data-element_type=\"widget\" data-widget_type=\"text-editor.default\">\n\t\t\t\t<div class=\"elementor-widget-container\">\n\t\t\t<style>\/*! elementor - v3.21.0 - 08-05-2024 *\/\n.elementor-widget-text-editor.elementor-drop-cap-view-stacked .elementor-drop-cap{background-color:#69727d;color:#fff}.elementor-widget-text-editor.elementor-drop-cap-view-framed .elementor-drop-cap{color:#69727d;border:3px solid;background-color:transparent}.elementor-widget-text-editor:not(.elementor-drop-cap-view-default) .elementor-drop-cap{margin-top:8px}.elementor-widget-text-editor:not(.elementor-drop-cap-view-default) .elementor-drop-cap-letter{width:1em;height:1em}.elementor-widget-text-editor .elementor-drop-cap{float:left;text-align:center;line-height:1;font-size:50px}.elementor-widget-text-editor .elementor-drop-cap-letter{display:inline-block}<\/style>\t\t\t\t<p>Ofrecemos productos de alta calidad, libres de crueldad animal y sin seguir los est\u00e1ndares del fast fashion. <br \/>Nos enorgullece ser una marca que cree en la inclusi\u00f3n,<br \/>la sostenibilidad y la autenticidad.<br \/>Nos esforzamos por trabajar con proveedores \u00e9ticos y materiales de calidad, reduciendo nuestro impacto en el medio ambiente y promoviendo un consumo responsable.<br \/>Te invitamos a explorar nuestro cat\u00e1logo y unirte a nuestra comunidad comprometida con un estilo de vida consciente y aut\u00e9ntico.<\/p><p>\u00a1Gracias por elegirnos!<\/p>\t\t\t\t\t\t<\/div>\n\t\t\t\t<\/div>\n\t\t\t\t<\/div>\n\t\t<div class=\"elementor-element elementor-element-394fb30 e-con-full e-flex e-con e-child\" data-id=\"394fb30\" data-element_type=\"container\">\n\t\t\t\t<div class=\"elementor-element elementor-element-8b3d7f9 elementor-widget elementor-widget-image\" data-id=\"8b3d7f9\" data-element_type=\"widget\" data-widget_type=\"image.default\">\n\t\t\t\t<div class=\"elementor-widget-container\">\n\t\t\t<style>\/*! elementor - v3.21.0 - 08-05-2024 *\/\n.elementor-widget-image{text-align:center}.elementor-widget-image a{display:inline-block}.elementor-widget-image a img[src$=\".svg\"]{width:48px}.elementor-widget-image img{vertical-align:middle;display:inline-block}<\/style>\t\t\t\t\t\t\t\t\t\t<img decoding=\"async\" width=\"117\" height=\"124\" src=\"https:\/\/underworld.com.ar\/inicio\/wp-content\/uploads\/2024\/05\/Recurso-6.png\" class=\"attachment-full size-full wp-image-21\" alt=\"\" sizes=\"100vw\" \/>\t\t\t\t\t\t\t\t\t\t\t\t\t<\/div>\n\t\t\t\t<\/div>\n\t\t\t\t<\/div>\n\t\t\t\t\t<\/div>\n\t\t\t\t<\/div>\n\t\t\t\t<\/div>\n\t\t","protected":false},"excerpt":{"rendered":"<p>\u00bfQuienes somos? Ofrecemos productos de alta calidad, libres de crueldad animal y sin seguir los est\u00e1ndares del fast fashion. Nos enorgullece ser una marca que cree en la inclusi\u00f3n,la sostenibilidad y la autenticidad.Nos esforzamos por trabajar con proveedores \u00e9ticos y materiales de calidad, reduciendo nuestro impacto en el medio ambiente y promoviendo un consumo responsable.Te &hellip; <\/p>\n<p class=\"link-more\"><a href=\"https:\/\/underworld.com.ar\/inicio\/quienes-somos\/\" class=\"more-link\">Continuar leyendo<span class=\"screen-reader-text\"> &#8220;Quienes Somos&#8221;<\/span><\/a><\/p>\n","protected":false},"author":2,"featured_media":0,"parent":0,"menu_order":0,"comment_status":"closed","ping_status":"closed","template":"elementor_header_footer","meta":{"footnotes":""},"class_list":["post-851","page","type-page","status-publish","hentry"],"jetpack_sharing_enabled":true,"_links":{"self":[{"href":"https:\/\/underworld.com.ar\/inicio\/wp-json\/wp\/v2\/pages\/851","targetHints":{"allow":["GET"]}}],"collection":[{"href":"https:\/\/underworld.com.ar\/inicio\/wp-json\/wp\/v2\/pages"}],"about":[{"href":"https:\/\/underworld.com.ar\/inicio\/wp-json\/wp\/v2\/types\/page"}],"author":[{"embeddable":true,"href":"https:\/\/underworld.com.ar\/inicio\/wp-json\/wp\/v2\/users\/2"}],"replies":[{"embeddable":true,"href":"https:\/\/underworld.com.ar\/inicio\/wp-json\/wp\/v2\/comments?post=851"}],"version-history":[{"count":3,"href":"https:\/\/underworld.com.ar\/inicio\/wp-json\/wp\/v2\/pages\/851\/revisions"}],"predecessor-version":[{"id":855,"href":"https:\/\/underworld.com.ar\/inicio\/wp-json\/wp\/v2\/pages\/851\/revisions\/855"}],"wp:attachment":[{"href":"https:\/\/underworld.com.ar\/inicio\/wp-json\/wp\/v2\/media?parent=851"}],"curies":[{"name":"wp","href":"https:\/\/api.w.org\/{rel}","templated":true}]}}