{"id":200,"date":"2024-05-19T13:51:48","date_gmt":"2024-05-19T13:51:48","guid":{"rendered":"http:\/\/underworld.com.ar\/inicio\/?page_id=200"},"modified":"2024-05-26T00:05:26","modified_gmt":"2024-05-26T00:05:26","slug":"preguntas-frecuentes","status":"publish","type":"page","link":"https:\/\/underworld.com.ar\/inicio\/preguntas-frecuentes\/","title":{"rendered":"Preguntas Frecuentes"},"content":{"rendered":"\t\t<div data-elementor-type=\"wp-page\" data-elementor-id=\"200\" class=\"elementor elementor-200\">\n\t\t\t\t<div class=\"elementor-element elementor-element-062fe2b e-flex e-con-boxed e-con e-parent\" data-id=\"062fe2b\" data-element_type=\"container\" data-settings=\"{&quot;background_background&quot;:&quot;classic&quot;}\">\n\t\t\t\t\t<div class=\"e-con-inner\">\n\t\t<div class=\"elementor-element elementor-element-867a0fb e-con-full e-flex e-con e-child\" data-id=\"867a0fb\" data-element_type=\"container\">\n\t\t\t\t<div class=\"elementor-element elementor-element-3c8c593 elementor-widget elementor-widget-spacer\" data-id=\"3c8c593\" data-element_type=\"widget\" data-widget_type=\"spacer.default\">\n\t\t\t\t<div class=\"elementor-widget-container\">\n\t\t\t<style>\/*! elementor - v3.21.0 - 08-05-2024 *\/\n.elementor-column .elementor-spacer-inner{height:var(--spacer-size)}.e-con{--container-widget-width:100%}.e-con-inner>.elementor-widget-spacer,.e-con>.elementor-widget-spacer{width:var(--container-widget-width,var(--spacer-size));--align-self:var(--container-widget-align-self,initial);--flex-shrink:0}.e-con-inner>.elementor-widget-spacer>.elementor-widget-container,.e-con>.elementor-widget-spacer>.elementor-widget-container{height:100%;width:100%}.e-con-inner>.elementor-widget-spacer>.elementor-widget-container>.elementor-spacer,.e-con>.elementor-widget-spacer>.elementor-widget-container>.elementor-spacer{height:100%}.e-con-inner>.elementor-widget-spacer>.elementor-widget-container>.elementor-spacer>.elementor-spacer-inner,.e-con>.elementor-widget-spacer>.elementor-widget-container>.elementor-spacer>.elementor-spacer-inner{height:var(--container-widget-height,var(--spacer-size))}.e-con-inner>.elementor-widget-spacer.elementor-widget-empty,.e-con>.elementor-widget-spacer.elementor-widget-empty{position:relative;min-height:22px;min-width:22px}.e-con-inner>.elementor-widget-spacer.elementor-widget-empty .elementor-widget-empty-icon,.e-con>.elementor-widget-spacer.elementor-widget-empty .elementor-widget-empty-icon{position:absolute;top:0;bottom:0;left:0;right:0;margin:auto;padding:0;width:22px;height:22px}<\/style>\t\t<div class=\"elementor-spacer\">\n\t\t\t<div class=\"elementor-spacer-inner\"><\/div>\n\t\t<\/div>\n\t\t\t\t<\/div>\n\t\t\t\t<\/div>\n\t\t\t\t<div class=\"elementor-element elementor-element-06e4234 elementor-widget elementor-widget-heading\" data-id=\"06e4234\" data-element_type=\"widget\" data-widget_type=\"heading.default\">\n\t\t\t\t<div class=\"elementor-widget-container\">\n\t\t\t<style>\/*! elementor - v3.21.0 - 08-05-2024 *\/\n.elementor-heading-title{padding:0;margin:0;line-height:1}.elementor-widget-heading .elementor-heading-title[class*=elementor-size-]>a{color:inherit;font-size:inherit;line-height:inherit}.elementor-widget-heading .elementor-heading-title.elementor-size-small{font-size:15px}.elementor-widget-heading .elementor-heading-title.elementor-size-medium{font-size:19px}.elementor-widget-heading .elementor-heading-title.elementor-size-large{font-size:29px}.elementor-widget-heading .elementor-heading-title.elementor-size-xl{font-size:39px}.elementor-widget-heading .elementor-heading-title.elementor-size-xxl{font-size:59px}<\/style><h2 class=\"elementor-heading-title elementor-size-default\">\u00bfCu\u00e1les son las opciones de env\u00edo disponibles?<\/h2>\t\t<\/div>\n\t\t\t\t<\/div>\n\t\t\t\t<div class=\"elementor-element elementor-element-aaed9dd elementor-widget elementor-widget-text-editor\" data-id=\"aaed9dd\" data-element_type=\"widget\" data-widget_type=\"text-editor.default\">\n\t\t\t\t<div class=\"elementor-widget-container\">\n\t\t\t<style>\/*! elementor - v3.21.0 - 08-05-2024 *\/\n.elementor-widget-text-editor.elementor-drop-cap-view-stacked .elementor-drop-cap{background-color:#69727d;color:#fff}.elementor-widget-text-editor.elementor-drop-cap-view-framed .elementor-drop-cap{color:#69727d;border:3px solid;background-color:transparent}.elementor-widget-text-editor:not(.elementor-drop-cap-view-default) .elementor-drop-cap{margin-top:8px}.elementor-widget-text-editor:not(.elementor-drop-cap-view-default) .elementor-drop-cap-letter{width:1em;height:1em}.elementor-widget-text-editor .elementor-drop-cap{float:left;text-align:center;line-height:1;font-size:50px}.elementor-widget-text-editor .elementor-drop-cap-letter{display:inline-block}<\/style>\t\t\t\t<p>Ofrecemos env\u00edo dentro de Rosario y a todo el pais<br \/>El costo y tiempo de entrega var\u00edan seg\u00fan la ubicaci\u00f3n y el m\u00e9todo de env\u00edo seleccionado.<br \/>Para m\u00e1s detalles, escribinos a nuestro numero de contacto a la direcci\u00f3n de correo.<br \/><strong><a href=\"mailto:info@underworld.com\">info@underworld.com <\/a><\/strong><\/p>\t\t\t\t\t\t<\/div>\n\t\t\t\t<\/div>\n\t\t\t\t<\/div>\n\t\t<div class=\"elementor-element elementor-element-701ca7e e-con-full elementor-hidden-mobile e-flex e-con e-child\" data-id=\"701ca7e\" data-element_type=\"container\">\n\t\t\t\t<div class=\"elementor-element elementor-element-569191c elementor-widget elementor-widget-spacer\" data-id=\"569191c\" data-element_type=\"widget\" data-widget_type=\"spacer.default\">\n\t\t\t\t<div class=\"elementor-widget-container\">\n\t\t\t\t\t<div class=\"elementor-spacer\">\n\t\t\t<div class=\"elementor-spacer-inner\"><\/div>\n\t\t<\/div>\n\t\t\t\t<\/div>\n\t\t\t\t<\/div>\n\t\t\t\t<div class=\"elementor-element elementor-element-14174ae elementor-widget elementor-widget-image\" data-id=\"14174ae\" data-element_type=\"widget\" data-widget_type=\"image.default\">\n\t\t\t\t<div class=\"elementor-widget-container\">\n\t\t\t<style>\/*! elementor - v3.21.0 - 08-05-2024 *\/\n.elementor-widget-image{text-align:center}.elementor-widget-image a{display:inline-block}.elementor-widget-image a img[src$=\".svg\"]{width:48px}.elementor-widget-image img{vertical-align:middle;display:inline-block}<\/style>\t\t\t\t\t\t\t\t\t\t<img fetchpriority=\"high\" decoding=\"async\" width=\"211\" height=\"300\" src=\"https:\/\/underworld.com.ar\/inicio\/wp-content\/uploads\/2024\/05\/Logo-Negro-211x300.png\" class=\"attachment-medium size-medium wp-image-25\" alt=\"\" srcset=\"https:\/\/underworld.com.ar\/inicio\/wp-content\/uploads\/2024\/05\/Logo-Negro-211x300.png 211w, https:\/\/underworld.com.ar\/inicio\/wp-content\/uploads\/2024\/05\/Logo-Negro-350x497.png 350w, https:\/\/underworld.com.ar\/inicio\/wp-content\/uploads\/2024\/05\/Logo-Negro.png 452w\" sizes=\"100vw\" \/>\t\t\t\t\t\t\t\t\t\t\t\t\t<\/div>\n\t\t\t\t<\/div>\n\t\t\t\t<\/div>\n\t\t\t\t\t<\/div>\n\t\t\t\t<\/div>\n\t\t<div class=\"elementor-element elementor-element-fc563c7 e-flex e-con-boxed e-con e-parent\" data-id=\"fc563c7\" data-element_type=\"container\" data-settings=\"{&quot;background_background&quot;:&quot;classic&quot;}\">\n\t\t\t\t\t<div class=\"e-con-inner\">\n\t\t<div class=\"elementor-element elementor-element-1f8be0b e-con-full e-flex e-con e-child\" data-id=\"1f8be0b\" data-element_type=\"container\">\n\t\t\t\t<div class=\"elementor-element elementor-element-28faaa1 elementor-widget elementor-widget-heading\" data-id=\"28faaa1\" data-element_type=\"widget\" data-widget_type=\"heading.default\">\n\t\t\t\t<div class=\"elementor-widget-container\">\n\t\t\t<h2 class=\"elementor-heading-title elementor-size-default\">\u00bfCu\u00e1nto tiempo tarda en llegar mi pedido?<\/h2>\t\t<\/div>\n\t\t\t\t<\/div>\n\t\t\t\t<div class=\"elementor-element elementor-element-caac6e0 elementor-widget elementor-widget-text-editor\" data-id=\"caac6e0\" data-element_type=\"widget\" data-widget_type=\"text-editor.default\">\n\t\t\t\t<div class=\"elementor-widget-container\">\n\t\t\t\t\t\t\t<p>El tiempo de entrega depende del m\u00e9todo de env\u00edo seleccionado y la ubicaci\u00f3n de entrega.<br \/>Normalmente, los pedidos dentro de Rosario llegan de 2 a 3 d\u00edas h\u00e1biles, mientras que los pedidos a otras provincias suelen entregarse de 3 a 5 d\u00edas h\u00e1biles.<\/p>\t\t\t\t\t\t<\/div>\n\t\t\t\t<\/div>\n\t\t\t\t<\/div>\n\t\t\t\t\t<\/div>\n\t\t\t\t<\/div>\n\t\t<div class=\"elementor-element elementor-element-74ef681 e-flex e-con-boxed e-con e-parent\" data-id=\"74ef681\" data-element_type=\"container\" data-settings=\"{&quot;background_background&quot;:&quot;classic&quot;}\">\n\t\t\t\t\t<div class=\"e-con-inner\">\n\t\t\t\t<div class=\"elementor-element elementor-element-37c105b elementor-widget elementor-widget-heading\" data-id=\"37c105b\" data-element_type=\"widget\" data-widget_type=\"heading.default\">\n\t\t\t\t<div class=\"elementor-widget-container\">\n\t\t\t<h2 class=\"elementor-heading-title elementor-size-default\">\u00bfPuedo retirar mi pedido en alguna sucursal?<\/h2>\t\t<\/div>\n\t\t\t\t<\/div>\n\t\t\t\t<div class=\"elementor-element elementor-element-7091297 elementor-widget elementor-widget-text-editor\" data-id=\"7091297\" data-element_type=\"widget\" data-widget_type=\"text-editor.default\">\n\t\t\t\t<div class=\"elementor-widget-container\">\n\t\t\t\t\t\t\t<p>Podes pasar a retirar tu pedido e incluso probarte nuestros art\u00edculos en nuestro Pick Up ubicado en la ciudad de Rosario en zona norte.\u00a0 \u00a0 \u00a0 \u00a0 \u00a0 De Lunes a Viernes de 9hs a 13hs y de 16hs a 19hs y los d\u00edas<br \/>S\u00e1bados de 9hs a 13hs.<\/p>\t\t\t\t\t\t<\/div>\n\t\t\t\t<\/div>\n\t\t\t\t\t<\/div>\n\t\t\t\t<\/div>\n\t\t<div class=\"elementor-element elementor-element-88adc9c e-flex e-con-boxed e-con e-parent\" data-id=\"88adc9c\" data-element_type=\"container\" data-settings=\"{&quot;background_background&quot;:&quot;classic&quot;}\">\n\t\t\t\t\t<div class=\"e-con-inner\">\n\t\t\t\t<div class=\"elementor-element elementor-element-726f07b elementor-widget elementor-widget-heading\" data-id=\"726f07b\" data-element_type=\"widget\" data-widget_type=\"heading.default\">\n\t\t\t\t<div class=\"elementor-widget-container\">\n\t\t\t<h2 class=\"elementor-heading-title elementor-size-default\">\u00bfC\u00f3mo puedo realizar un cambio o devoluci\u00f3n?<\/h2>\t\t<\/div>\n\t\t\t\t<\/div>\n\t\t\t\t<div class=\"elementor-element elementor-element-152f89d elementor-widget elementor-widget-text-editor\" data-id=\"152f89d\" data-element_type=\"widget\" data-widget_type=\"text-editor.default\">\n\t\t\t\t<div class=\"elementor-widget-container\">\n\t\t\t\t\t\t\t<p>Aceptamos cambios dentro de los 7 d\u00edas siguientes a la recepci\u00f3n del pedido. La prenda debe estar en las mismas condiciones en la que fue entregado. En caso de querer realizarlo comunicarse con nuestro vendedor a traves de nuestro numero de telefono o por nuestro correo <strong><a href=\"mailto:info@underworld.com\">info@underworld.com<\/a><\/strong><br \/>En caso de querer realizar una devoluci\u00f3n podes seleccionar el bot\u00f3n de arrepentimiento o comunicarte con nuestro vendedor.<\/p>\t\t\t\t\t\t<\/div>\n\t\t\t\t<\/div>\n\t\t\t\t\t<\/div>\n\t\t\t\t<\/div>\n\t\t<div class=\"elementor-element elementor-element-0835243 e-flex e-con-boxed e-con e-parent\" data-id=\"0835243\" data-element_type=\"container\" data-settings=\"{&quot;background_background&quot;:&quot;classic&quot;}\">\n\t\t\t\t\t<div class=\"e-con-inner\">\n\t\t\t\t<div class=\"elementor-element elementor-element-e17b3b6 elementor-widget elementor-widget-heading\" data-id=\"e17b3b6\" data-element_type=\"widget\" data-widget_type=\"heading.default\">\n\t\t\t\t<div class=\"elementor-widget-container\">\n\t\t\t<h2 class=\"elementor-heading-title elementor-size-default\">\u00bfCu\u00e1les son los m\u00e9todos de pago aceptados?<\/h2>\t\t<\/div>\n\t\t\t\t<\/div>\n\t\t\t\t<div class=\"elementor-element elementor-element-939dbaf elementor-widget elementor-widget-text-editor\" data-id=\"939dbaf\" data-element_type=\"widget\" data-widget_type=\"text-editor.default\">\n\t\t\t\t<div class=\"elementor-widget-container\">\n\t\t\t\t\t\t\t<p>Aceptamos pagos con tarjeta de cr\u00e9dito\/d\u00e9bito, transferencia bancaria, contado efectivo y mercado pago.<br \/>Todos los pagos se procesan de forma segura a trav\u00e9s de nuestra plataforma de pago en l\u00ednea.<\/p>\t\t\t\t\t\t<\/div>\n\t\t\t\t<\/div>\n\t\t\t\t\t<\/div>\n\t\t\t\t<\/div>\n\t\t<div class=\"elementor-element elementor-element-09ae162 e-flex e-con-boxed e-con e-parent\" data-id=\"09ae162\" data-element_type=\"container\" data-settings=\"{&quot;background_background&quot;:&quot;classic&quot;}\">\n\t\t\t\t\t<div class=\"e-con-inner\">\n\t\t\t\t<div class=\"elementor-element elementor-element-05f1ac5 elementor-widget elementor-widget-heading\" data-id=\"05f1ac5\" data-element_type=\"widget\" data-widget_type=\"heading.default\">\n\t\t\t\t<div class=\"elementor-widget-container\">\n\t\t\t<h2 class=\"elementor-heading-title elementor-size-default\">\u00bfC\u00f3mo puedo contactar al servicio al cliente?<\/h2>\t\t<\/div>\n\t\t\t\t<\/div>\n\t\t\t\t<div class=\"elementor-element elementor-element-c28be99 elementor-widget elementor-widget-text-editor\" data-id=\"c28be99\" data-element_type=\"widget\" data-widget_type=\"text-editor.default\">\n\t\t\t\t<div class=\"elementor-widget-container\">\n\t\t\t\t\t\t\t<p>Podes contactar a nuestro equipo de atenci\u00f3n al cliente por correo electr\u00f3nico a <a href=\"mailto:info@underworld.com\"><strong>info@underworld.com<\/strong><\/a> o<br \/>por tel\u00e9fono por medio de <a href=\"https:\/\/api.whatsapp.com\/send\/?phone=5493413345882&amp;text&amp;type=phone_number&amp;app_absent=0\"><strong>Whatsapp<\/strong><\/a> . Nuestro horario es de Lunes a Viernes de 7hs a 16hs.<\/p>\t\t\t\t\t\t<\/div>\n\t\t\t\t<\/div>\n\t\t\t\t\t<\/div>\n\t\t\t\t<\/div>\n\t\t\t\t<\/div>\n\t\t","protected":false},"excerpt":{"rendered":"<p>\u00bfCu\u00e1les son las opciones de env\u00edo disponibles? Ofrecemos env\u00edo dentro de Rosario y a todo el paisEl costo y tiempo de entrega var\u00edan seg\u00fan la ubicaci\u00f3n y el m\u00e9todo de env\u00edo seleccionado.Para m\u00e1s detalles, escribinos a nuestro numero de contacto a la direcci\u00f3n de correo.info@underworld.com \u00bfCu\u00e1nto tiempo tarda en llegar mi pedido? El tiempo de &hellip; <\/p>\n<p class=\"link-more\"><a href=\"https:\/\/underworld.com.ar\/inicio\/preguntas-frecuentes\/\" class=\"more-link\">Continuar leyendo<span class=\"screen-reader-text\"> &#8220;Preguntas Frecuentes&#8221;<\/span><\/a><\/p>\n","protected":false},"author":2,"featured_media":0,"parent":0,"menu_order":0,"comment_status":"closed","ping_status":"closed","template":"elementor_header_footer","meta":{"footnotes":""},"class_list":["post-200","page","type-page","status-publish","hentry"],"jetpack_sharing_enabled":true,"_links":{"self":[{"href":"https:\/\/underworld.com.ar\/inicio\/wp-json\/wp\/v2\/pages\/200","targetHints":{"allow":["GET"]}}],"collection":[{"href":"https:\/\/underworld.com.ar\/inicio\/wp-json\/wp\/v2\/pages"}],"about":[{"href":"https:\/\/underworld.com.ar\/inicio\/wp-json\/wp\/v2\/types\/page"}],"author":[{"embeddable":true,"href":"https:\/\/underworld.com.ar\/inicio\/wp-json\/wp\/v2\/users\/2"}],"replies":[{"embeddable":true,"href":"https:\/\/underworld.com.ar\/inicio\/wp-json\/wp\/v2\/comments?post=200"}],"version-history":[{"count":70,"href":"https:\/\/underworld.com.ar\/inicio\/wp-json\/wp\/v2\/pages\/200\/revisions"}],"predecessor-version":[{"id":863,"href":"https:\/\/underworld.com.ar\/inicio\/wp-json\/wp\/v2\/pages\/200\/revisions\/863"}],"wp:attachment":[{"href":"https:\/\/underworld.com.ar\/inicio\/wp-json\/wp\/v2\/media?parent=200"}],"curies":[{"name":"wp","href":"https:\/\/api.w.org\/{rel}","templated":true}]}}